{"id":3239,"date":"2015-12-21T10:52:50","date_gmt":"2015-12-21T09:52:50","guid":{"rendered":"http:\/\/www.douglasboomkwekerij.nl\/?page_id=3239"},"modified":"2024-03-11T13:33:22","modified_gmt":"2024-03-11T12:33:22","slug":"home","status":"publish","type":"page","link":"https:\/\/www.douglasboomkwekerij.nl\/de\/","title":{"rendered":"Home"},"content":{"rendered":"<div id=\"pl-3239\"  class=\"panel-layout\" ><div id=\"pg-3239-0\"  class=\"panel-grid panel-no-style\" ><div id=\"pgc-3239-0-0\"  class=\"panel-grid-cell\" ><div id=\"panel-3239-0-0-0\" class=\"so-panel widget widget_black-studio-tinymce widget_black_studio_tinymce panel-first-child panel-last-child\" data-index=\"0\" ><div class=\"textwidget\"><h1 style=\"text-align: justify;\"><span style=\"font-family: helvetica, arial, sans-serif; color: #ffffff;\"><span style=\"font-size: 32px; line-height: 48px;\"><b>De Douglas Boomkwekerijproducten BV<\/b><\/span><\/span><\/h1>\n<p style=\"text-align: justify;\"><span style=\"font-family: helvetica, arial, sans-serif; font-size: 12pt;\">Willkommen auf der Internetseite von De Douglas Boomkwekerijproducten BV in Wernhout, Experte in der Anzucht von Topfballen (Pflanzen mit Topfballen gewachsen in Trays). Wir s\u00e4en Baumschuleware (Laubholz und Nadelholz) f\u00fcr Unterlagen, Forstpflanzen, Weihnachtsbaumjungpflanzen, Heckenpflanzen und diverse andere Sorten Jungflanzen.<\/span><\/p>\n<p style=\"text-align: justify;\"><span style=\"font-family: helvetica, arial, sans-serif; font-size: 12pt;\">In 1990 hat De Douglas von der traditionellen Anzucht im vollen Grund, auf die Anzucht von Pflanzen mit Topfballen umgeschaltet. Unsere Baumschule mit S\u00e4mlingen befindet sich in Wernhout, wo die Samen automatisiert ausges\u00e4t werden in verschiedenen Gr\u00f6\u00dfen Topfballen und wo die Pflanzen in 5,5 ha Folientunneln und in 1 ha Glasgew\u00e4chsh\u00e4user, auf zwei verschiedenen Pl\u00e4tzen, gez\u00fcchtet werden.<\/span><\/p>\n<p style=\"text-align: justify;\"><span style=\"font-family: helvetica, arial, sans-serif; font-size: 12pt;\">Die Fortsetzung der Anzucht geschieht in unserem polnischen Betrieb. In Polen findet der Anbau in gr\u00f6\u00dferen Pluggen (P40) und T\u00f6pfen (vornehmlich P9 und 1 Liter) statt. In unserem polnischen Betrieb werden auch gr\u00f6\u00dfere Pflanzen im Freiland&nbsp;gez\u00fcchtet.<\/span><\/p>\n<p style=\"text-align: justify;\"><span style=\"font-family: helvetica, arial, sans-serif; font-size: 12pt;\">Mittlerweile hat sich unsere Baumschule zu einem Betrieb entwickelt, der sowohl national als zumeist international aktiv ist.<\/span><\/p>\n<p style=\"text-align: justify;\"><span style=\"font-family: helvetica, arial, sans-serif; font-size: 12pt;\">Auf dieser Internetseite k\u00f6nnen Sie mehr Information \u00fcber unseren Betrieb, unsere Gesch\u00e4ftsprozesse und unsere Produkte finden. Wenn Sie interessiert sind oder Fragen haben, nehmen Sie dann sicher mit uns Kontakt auf!<\/span><\/p>\n<p style=\"text-align: justify;\"><span style=\"font-family: helvetica, arial, sans-serif; font-size: 12pt;\"><strong>Das Team von De Douglas Boomkwekerijproducten BV<\/strong><\/span><\/p>\n<\/div><\/div><\/div><\/div><\/div>","protected":false},"excerpt":{"rendered":"<p>De Douglas Boomkwekerijproducten BV Willkommen auf der Internetseite von De Douglas Boomkwekerijproducten BV in Wernhout, Experte in der Anzucht von Topfballen (Pflanzen mit Topfballen gewachsen in Trays). Wir s\u00e4en Baumschuleware (Laubholz und Nadelholz) f\u00fcr Unterlagen, Forstpflanzen, Weihnachtsbaumjungpflanzen, Heckenpflanzen und diverse andere Sorten Jungflanzen. In 1990 hat De Douglas von der traditionellen Anzucht im vollen Grund, [&hellip;]<\/p>\n","protected":false},"author":3,"featured_media":0,"parent":0,"menu_order":0,"comment_status":"closed","ping_status":"closed","template":"","meta":{"ngg_post_thumbnail":0,"footnotes":""},"class_list":["post-3239","page","type-page","status-publish","hentry"],"_links":{"self":[{"href":"https:\/\/www.douglasboomkwekerij.nl\/de\/wp-json\/wp\/v2\/pages\/3239","targetHints":{"allow":["GET"]}}],"collection":[{"href":"https:\/\/www.douglasboomkwekerij.nl\/de\/wp-json\/wp\/v2\/pages"}],"about":[{"href":"https:\/\/www.douglasboomkwekerij.nl\/de\/wp-json\/wp\/v2\/types\/page"}],"author":[{"embeddable":true,"href":"https:\/\/www.douglasboomkwekerij.nl\/de\/wp-json\/wp\/v2\/users\/3"}],"replies":[{"embeddable":true,"href":"https:\/\/www.douglasboomkwekerij.nl\/de\/wp-json\/wp\/v2\/comments?post=3239"}],"version-history":[{"count":12,"href":"https:\/\/www.douglasboomkwekerij.nl\/de\/wp-json\/wp\/v2\/pages\/3239\/revisions"}],"predecessor-version":[{"id":5225,"href":"https:\/\/www.douglasboomkwekerij.nl\/de\/wp-json\/wp\/v2\/pages\/3239\/revisions\/5225"}],"wp:attachment":[{"href":"https:\/\/www.douglasboomkwekerij.nl\/de\/wp-json\/wp\/v2\/media?parent=3239"}],"curies":[{"name":"wp","href":"https:\/\/api.w.org\/{rel}","templated":true}]}}