{"id":3246,"date":"2015-12-21T11:00:35","date_gmt":"2015-12-21T10:00:35","guid":{"rendered":"http:\/\/www.douglasboomkwekerij.nl\/?page_id=3246"},"modified":"2019-08-02T08:22:18","modified_gmt":"2019-08-02T07:22:18","slug":"picea-pungens-sbs","status":"publish","type":"page","link":"https:\/\/www.douglasboomkwekerij.nl\/de\/picea-pungens-sbs\/","title":{"rendered":"Picea pungens SBS"},"content":{"rendered":"<div id=\"pl-3246\"  class=\"panel-layout\" ><div id=\"pg-3246-0\"  class=\"panel-grid panel-no-style\" ><div id=\"pgc-3246-0-0\"  class=\"panel-grid-cell\" ><div id=\"panel-3246-0-0-0\" class=\"so-panel widget widget_black-studio-tinymce widget_black_studio_tinymce panel-first-child\" data-index=\"0\" ><div class=\"textwidget\"><h1 style=\"text-align: justify;\"><span style=\"font-family: helvetica, arial, sans-serif; color: #ffffff;\"><span style=\"font-size: 32px; line-height: 48px;\"><b>Picea pungens Super Blue Seedling<\/b><\/span><\/span><\/h1>\n<\/div><\/div><div id=\"panel-3246-0-0-1\" class=\"so-panel widget widget_black-studio-tinymce widget_black_studio_tinymce panel-last-child\" data-index=\"1\" ><div class=\"textwidget\"><p style=\"text-align: justify;\"><span style=\"font-family: helvetica, arial, sans-serif; font-size: 12pt;\">Urspr\u00fcnglich eine kanadische, gesch\u00fctzte Sorte, aus Samen vermehrt. In den USA und in Kanada auf den Markt gebracht unter dem Namen Baby Blue\u2122 (sehe <span style=\"color: #000000;\">u.a. <a style=\"color: #000000;\" href=\"http:\/\/www.spadafarms.com\" target=\"_blank\">www.spadafarms.com<\/a><\/span>\u00a0und<span style=\"color: #000000;\"> <a style=\"color: #000000;\" href=\"http:\/\/www.armintrouts.com\" target=\"_blank\">www.armintrouts.com<\/a>).\u00a0<\/span><\/span><span style=\"font-family: helvetica, arial, sans-serif; font-size: 12pt;\">De Douglas Boomkwekerijproducten BV bringt diese Blaufichte in Europa unter dem Namen \u201eSuper Blue Seedling\u201c, auf den Markt.\u00a0<\/span><\/p>\n<p style=\"text-align: justify;\"><span style=\"font-family: helvetica, arial, sans-serif; font-size: 12pt;\">Diese Blaufichte kennzeichnet sich durch ein volles und uniformes Wachstum.\u00a0Sie hat einen sch\u00f6nen Habitus, f\u00fcr sowohl als Weihnachtsbaum, als auch solit\u00e4r.\u00a0Schneiden ist nicht notwendig.\u00a0Nebenbei haben die Pflanzen eine sehr uniforme Farbe von blaugrau bis blau (auch abh\u00e4ngig von der Qualit\u00e4t des Bodens). Je \u00e4lter die Pflanzen werden, desto blauer werden sie. Mit so viel wie m\u00f6glich Sonnenlicht und einer guten Grundentw\u00e4sserung, w\u00e4chst die SBS am sch\u00f6nsten.\u00a0Nachdem wir diese Sorte 5 Jahre in unserem polnischen Betrieb gez\u00fcchtet haben, sehen wir, dass die SBS im Fr\u00fchjahr nicht mehr so frostempfindlich, wie die normal verwendeten Sorten (wie Arizona\/Kaibab) ist.<\/span><\/p>\n<p style=\"text-align: justify;\"><!-- START UNITE GALLERY 1.7.62 -->\t\t\t\t\t\t\t\t\t <script type='text\/javascript' src='https:\/\/www.douglasboomkwekerij.nl\/wp-content\/plugins\/unite-gallery-lite\/unitegallery-plugin\/js\/unitegallery.min.js'><\/script><script type='text\/javascript' src='https:\/\/www.douglasboomkwekerij.nl\/wp-content\/plugins\/unite-gallery-lite\/unitegallery-plugin\/themes\/tiles\/ug-theme-tiles.js'><\/script>\t\t\t<div id='unitegallery_23_1' class='unite-gallery' style='margin:0px auto;'>\t\t\t\t\t\t\t\t\t\t<img decoding=\"async\" alt=\"\"\t\t\t\t\t\t     src=\"\" data-image=\"https:\/\/www.douglasboomkwekerij.nl\/wp-content\/uploads\/2017\/11\/IMG_4022-2-811x1024.jpg\"\t\t\t\t\t\t     data-thumb=\"https:\/\/www.douglasboomkwekerij.nl\/wp-content\/uploads\/2017\/11\/IMG_4022-2-150x150.jpg\"\t\t\t\t\t\t     title=\"\"\t\t\t\t\t\t     style=\"display:none\">\t\t\t\t\t\t<img decoding=\"async\" alt=\"\"\t\t\t\t\t\t     src=\"\" data-image=\"https:\/\/www.douglasboomkwekerij.nl\/wp-content\/uploads\/2015\/08\/IMG_3729-1024x768.jpg\"\t\t\t\t\t\t     data-thumb=\"https:\/\/www.douglasboomkwekerij.nl\/wp-content\/uploads\/2015\/08\/IMG_3729-150x150.jpg\"\t\t\t\t\t\t     title=\"\"\t\t\t\t\t\t     style=\"display:none\">\t\t\t\t\t\t<img decoding=\"async\" alt=\"\"\t\t\t\t\t\t     src=\"\" data-image=\"https:\/\/www.douglasboomkwekerij.nl\/wp-content\/uploads\/2017\/11\/2017-11-11-08.23.172-1003x1024.jpg\"\t\t\t\t\t\t     data-thumb=\"https:\/\/www.douglasboomkwekerij.nl\/wp-content\/uploads\/2017\/11\/2017-11-11-08.23.172-150x150.jpg\"\t\t\t\t\t\t     title=\"\"\t\t\t\t\t\t     style=\"display:none\">\t\t\t\t\t\t<img decoding=\"async\" alt=\"\"\t\t\t\t\t\t     src=\"\" data-image=\"https:\/\/www.douglasboomkwekerij.nl\/wp-content\/uploads\/2017\/11\/IMG_3251-e1510996489286-683x1024.jpg\"\t\t\t\t\t\t     data-thumb=\"https:\/\/www.douglasboomkwekerij.nl\/wp-content\/uploads\/2017\/11\/IMG_3251-e1510996489286-150x150.jpg\"\t\t\t\t\t\t     title=\"\"\t\t\t\t\t\t     style=\"display:none\">\t\t\t\t\t\t<img decoding=\"async\" alt=\"\"\t\t\t\t\t\t     src=\"\" data-image=\"https:\/\/www.douglasboomkwekerij.nl\/wp-content\/uploads\/2015\/06\/20150603_182448-1024x576.jpg\"\t\t\t\t\t\t     data-thumb=\"https:\/\/www.douglasboomkwekerij.nl\/wp-content\/uploads\/2015\/06\/20150603_182448-150x150.jpg\"\t\t\t\t\t\t     title=\"\"\t\t\t\t\t\t     style=\"display:none\">\t\t\t\t\t\t<img decoding=\"async\" alt=\"\"\t\t\t\t\t\t     src=\"\" data-image=\"https:\/\/www.douglasboomkwekerij.nl\/wp-content\/uploads\/2015\/08\/IMG_3730-1024x768.jpg\"\t\t\t\t\t\t     data-thumb=\"https:\/\/www.douglasboomkwekerij.nl\/wp-content\/uploads\/2015\/08\/IMG_3730-150x150.jpg\"\t\t\t\t\t\t     title=\"\"\t\t\t\t\t\t     style=\"display:none\">\t\t\t\t\t\t<img decoding=\"async\" alt=\"\"\t\t\t\t\t\t     src=\"\" data-image=\"https:\/\/www.douglasboomkwekerij.nl\/wp-content\/uploads\/2015\/05\/Douglas-PIPGSBS2-768x1024.jpg\"\t\t\t\t\t\t     data-thumb=\"https:\/\/www.douglasboomkwekerij.nl\/wp-content\/uploads\/2015\/05\/Douglas-PIPGSBS2-150x150.jpg\"\t\t\t\t\t\t     title=\"\"\t\t\t\t\t\t     style=\"display:none\">\t\t\t\t\t\t<img decoding=\"async\" alt=\"\"\t\t\t\t\t\t     src=\"\" data-image=\"https:\/\/www.douglasboomkwekerij.nl\/wp-content\/uploads\/2018\/11\/20181004_111330-1024x768.jpg\"\t\t\t\t\t\t     data-thumb=\"https:\/\/www.douglasboomkwekerij.nl\/wp-content\/uploads\/2018\/11\/20181004_111330-150x150.jpg\"\t\t\t\t\t\t     title=\"\"\t\t\t\t\t\t     style=\"display:none\">\t\t\t\t\t\t<img decoding=\"async\" alt=\"\"\t\t\t\t\t\t     src=\"\" data-image=\"https:\/\/www.douglasboomkwekerij.nl\/wp-content\/uploads\/2018\/11\/IMG_0444-1-768x1024.jpg\"\t\t\t\t\t\t     data-thumb=\"https:\/\/www.douglasboomkwekerij.nl\/wp-content\/uploads\/2018\/11\/IMG_0444-1-150x150.jpg\"\t\t\t\t\t\t     title=\"\"\t\t\t\t\t\t     style=\"display:none\">\t\t\t\t\t\t<img decoding=\"async\" alt=\"\"\t\t\t\t\t\t     src=\"\" data-image=\"https:\/\/www.douglasboomkwekerij.nl\/wp-content\/uploads\/2018\/11\/Foto-13-07-18-14-59-46-1024x576.jpg\"\t\t\t\t\t\t     data-thumb=\"https:\/\/www.douglasboomkwekerij.nl\/wp-content\/uploads\/2018\/11\/Foto-13-07-18-14-59-46-150x150.jpg\"\t\t\t\t\t\t     title=\"\"\t\t\t\t\t\t     style=\"display:none\">\t\t\t<\/div>\t\t\t<script type='text\/javascript'>\t\t\t\twindow.onload = function(e) {\t\t\t\t\tif(typeof ugCheckForErrors == \"undefined\"){\t\t\t\t\t\tdocument.getElementById(\"unitegallery_23_1\").innerHTML = \"<span style='color:red'>Unite Gallery Error - gallery js and css files not included in the footer. Please make sure that wp_footer() function is added to your theme.<\/span>\";}\t\t\t\t\telse{ ugCheckForErrors(\"unitegallery_23_1\", \"jquery\");}\t\t\t\t};\t\t\t<\/script>\t\t\t<!-- END UNITEGALLERY --><\/p>\n<\/div><\/div><\/div><\/div><\/div>","protected":false},"excerpt":{"rendered":"<p>Picea pungens Super Blue Seedling Urspr\u00fcnglich eine kanadische, gesch\u00fctzte Sorte, aus Samen vermehrt. In den USA und in Kanada auf den Markt gebracht unter dem Namen Baby Blue\u2122 (sehe u.a. www.spadafarms.com\u00a0und www.armintrouts.com).\u00a0De Douglas Boomkwekerijproducten BV bringt diese Blaufichte in Europa unter dem Namen \u201eSuper Blue Seedling\u201c, auf den Markt.\u00a0Diese Blaufichte kennzeichnet sich durch ein volles [&hellip;]<\/p>\n","protected":false},"author":3,"featured_media":0,"parent":0,"menu_order":0,"comment_status":"closed","ping_status":"closed","template":"","meta":{"ngg_post_thumbnail":0,"footnotes":""},"class_list":["post-3246","page","type-page","status-publish","hentry"],"_links":{"self":[{"href":"https:\/\/www.douglasboomkwekerij.nl\/de\/wp-json\/wp\/v2\/pages\/3246","targetHints":{"allow":["GET"]}}],"collection":[{"href":"https:\/\/www.douglasboomkwekerij.nl\/de\/wp-json\/wp\/v2\/pages"}],"about":[{"href":"https:\/\/www.douglasboomkwekerij.nl\/de\/wp-json\/wp\/v2\/types\/page"}],"author":[{"embeddable":true,"href":"https:\/\/www.douglasboomkwekerij.nl\/de\/wp-json\/wp\/v2\/users\/3"}],"replies":[{"embeddable":true,"href":"https:\/\/www.douglasboomkwekerij.nl\/de\/wp-json\/wp\/v2\/comments?post=3246"}],"version-history":[{"count":15,"href":"https:\/\/www.douglasboomkwekerij.nl\/de\/wp-json\/wp\/v2\/pages\/3246\/revisions"}],"predecessor-version":[{"id":4594,"href":"https:\/\/www.douglasboomkwekerij.nl\/de\/wp-json\/wp\/v2\/pages\/3246\/revisions\/4594"}],"wp:attachment":[{"href":"https:\/\/www.douglasboomkwekerij.nl\/de\/wp-json\/wp\/v2\/media?parent=3246"}],"curies":[{"name":"wp","href":"https:\/\/api.w.org\/{rel}","templated":true}]}}