{"id":3259,"date":"2015-12-21T11:25:20","date_gmt":"2015-12-21T10:25:20","guid":{"rendered":"http:\/\/www.douglasboomkwekerij.nl\/?page_id=3259"},"modified":"2019-08-02T08:26:11","modified_gmt":"2019-08-02T07:26:11","slug":"topfballen","status":"publish","type":"page","link":"https:\/\/www.douglasboomkwekerij.nl\/de\/topfballen\/","title":{"rendered":"Topfballen"},"content":{"rendered":"<div id=\"pl-3259\"  class=\"panel-layout\" ><div id=\"pg-3259-0\"  class=\"panel-grid panel-no-style\" ><div id=\"pgc-3259-0-0\"  class=\"panel-grid-cell\" ><div id=\"panel-3259-0-0-0\" class=\"so-panel widget widget_black-studio-tinymce widget_black_studio_tinymce panel-first-child panel-last-child\" data-index=\"0\" ><div class=\"textwidget\"><h1 style=\"text-align: justify;\"><span style=\"font-family: helvetica, arial, sans-serif; color: #ffffff;\"><span style=\"font-size: 32px; line-height: 48px;\"><b>Anzucht von Pflanzen mit Topfballen<\/b><\/span><\/span><\/h1>\n<p style=\"text-align: justify;\"><span style=\"font-family: helvetica, arial, sans-serif; font-size: 12pt;\">\r\n\t\t\t\t\t\n\r\n\t\t\t\t\t<!-- START UNITE GALLERY 1.7.62 -->\r\n\t\t\t\t\t\r\n\t\t\t\t\n\t\t\t<div id='unitegallery_11_1' class='unite-gallery'>\n\t\t\t\t\n\n\t\t\t\t\t\t<img decoding=\"async\" alt=\"S\u00e4en\"\n\t\t\t\t\t\t     src=\"\" data-image=\"https:\/\/www.douglasboomkwekerij.nl\/wp-content\/uploads\/2015\/11\/Zaaien-768x576.jpg\"\n\t\t\t\t\t\t     data-thumb=\"https:\/\/www.douglasboomkwekerij.nl\/wp-content\/uploads\/2015\/11\/Zaaien-300x225.jpg\"\n\t\t\t\t\t\t     title=\"\"\n\t\t\t\t\t\t     style=\"display:none\">\n\n\t\t\t\t\t\t<img decoding=\"async\" alt=\"Einges\u00e4ten Trays\"\n\t\t\t\t\t\t     src=\"\" data-image=\"https:\/\/www.douglasboomkwekerij.nl\/wp-content\/uploads\/2015\/11\/Trays-576x768.jpg\"\n\t\t\t\t\t\t     data-thumb=\"https:\/\/www.douglasboomkwekerij.nl\/wp-content\/uploads\/2015\/11\/Trays-225x300.jpg\"\n\t\t\t\t\t\t     title=\"\"\n\t\t\t\t\t\t     style=\"display:none\">\n\n\t\t\t\t\t\t<img decoding=\"async\" alt=\"Trays aufgestapelt\"\n\t\t\t\t\t\t     src=\"\" data-image=\"https:\/\/www.douglasboomkwekerij.nl\/wp-content\/uploads\/2015\/11\/Opgestapelde-trays-768x576.jpg\"\n\t\t\t\t\t\t     data-thumb=\"https:\/\/www.douglasboomkwekerij.nl\/wp-content\/uploads\/2015\/11\/Opgestapelde-trays-300x225.jpg\"\n\t\t\t\t\t\t     title=\"\"\n\t\t\t\t\t\t     style=\"display:none\">\n\t\t\t<\/div>\n\n\t\t\t<script type='text\/javascript'>\n\t\t\t\twindow.onload = function(e) {\n\t\t\t\t\tif(typeof ugCheckForErrors == \"undefined\"){\n\t\t\t\t\t\tdocument.getElementById(\"unitegallery_11_1\").innerHTML = \"<span style='color:red'>Unite Gallery Error - gallery js and css files not included in the footer. Please make sure that wp_footer() function is added to your theme.<\/span>\";}\n\t\t\t\t\telse{ ugCheckForErrors(\"unitegallery_11_1\", \"jquery\");}\n\t\t\t\t};\n\t\t\t<\/script>\n\n\t\t\t<!-- END UNITEGALLERY --><\/span><\/p>\n<p style=\"text-align: justify;\"><span style=\"font-family: helvetica, arial, sans-serif; font-size: 12pt;\">Bei der Anzucht von Pflanzen mit Topfballen werden Samen automatisiert ausges\u00e4t in Trays. Die einges\u00e4ten Trays werden danach in die Folientunneln oder in ein Glasgew\u00e4chshaus gesetzt, wonach die Samen keimen und das erste schnelle Wachstum machen. Wenn die Pflanzen eine ausreichende L\u00e4nge haben, wird die Folie von den Tunneln entfernt, damit die Pflanzen dicker werden und vor allem sehr gut verh\u00e4rten. Im Sp\u00e4therbst werden die Tunneln wieder mit Folie bespannt, damit die Pflanzen unter sehr g\u00fcnstigen Bedingungen \u00fcberwintern k\u00f6nnen. <\/span><\/p>\n<p><span style=\"font-family: helvetica, arial, sans-serif; font-size: 12pt;\"> Sobald die Pflanzen ausreichend verh\u00e4rtet sind, werden alle Pflanzen mit Topfballen manuell aus den Trays geholt und manuell sortiert. Danach werden die Pflanzen im K\u00fchlhaus gelagert. Damit bleiben die Pflanzen, bis zum Moment wo unsere Kunden sie verarbeiten wollen, in einer Ruhephase.<\/span><\/p>\n<p style=\"text-align: justify;\"><span style=\"font-family: helvetica, arial, sans-serif; font-size: 12pt;\">\r\n\t\t\t\t\t\n\r\n\t\t\t\t\t<!-- START UNITE GALLERY 1.7.62 -->\r\n\t\t\t\t\t\r\n\t\t\t\t\n\t\t\t<div id='unitegallery_12_2' class='unite-gallery'>\n\t\t\t\t\n\n\t\t\t\t\t\t<img decoding=\"async\" alt=\"Folientunneln\"\n\t\t\t\t\t\t     src=\"\" data-image=\"https:\/\/www.douglasboomkwekerij.nl\/wp-content\/uploads\/2014\/12\/IMG_33101-768x576.jpg\"\n\t\t\t\t\t\t     data-thumb=\"https:\/\/www.douglasboomkwekerij.nl\/wp-content\/uploads\/2014\/12\/IMG_33101-300x225.jpg\"\n\t\t\t\t\t\t     title=\"\"\n\t\t\t\t\t\t     style=\"display:none\">\n\n\t\t\t\t\t\t<img decoding=\"async\" alt=\"Einpacken\"\n\t\t\t\t\t\t     src=\"\" data-image=\"https:\/\/www.douglasboomkwekerij.nl\/wp-content\/uploads\/2015\/11\/Inpakken-768x576.jpg\"\n\t\t\t\t\t\t     data-thumb=\"https:\/\/www.douglasboomkwekerij.nl\/wp-content\/uploads\/2015\/11\/Inpakken-300x225.jpg\"\n\t\t\t\t\t\t     title=\"\"\n\t\t\t\t\t\t     style=\"display:none\">\n\n\t\t\t\t\t\t<img decoding=\"async\" alt=\"K\u00fchlhaus\"\n\t\t\t\t\t\t     src=\"\" data-image=\"https:\/\/www.douglasboomkwekerij.nl\/wp-content\/uploads\/2014\/12\/februari-2013-021-768x576.jpg\"\n\t\t\t\t\t\t     data-thumb=\"https:\/\/www.douglasboomkwekerij.nl\/wp-content\/uploads\/2014\/12\/februari-2013-021-300x225.jpg\"\n\t\t\t\t\t\t     title=\"\"\n\t\t\t\t\t\t     style=\"display:none\">\n\t\t\t<\/div>\n\n\n\t\t\t<!-- END UNITEGALLERY --><\/span><\/p>\n<p><span style=\"font-family: helvetica, arial, sans-serif; font-size: 12pt;\"> Ein Teil unseres Sortiments wird in den Monaten Januar und Februar ausges\u00e4t. Diese Anzucht wird in einem erw\u00e4rmten Gew\u00e4chshaus gez\u00fcchtet, damit die Pflanzen im Mai\/Juni des gleichen Jahres lieferbar sind. Diese Weise der Anzucht von Pflanzen mit Topfballen wird mit verschiedenen Sorten, die man gerne frisch topft, gemacht (Cornus, Cytisus, Ulex, u.s.w) oder wenn man ein Zuchtjahr, aus Mangel an einer bestimmten Sorte (Fagus, Berberis, u.s.w.), verk\u00fcrzen m\u00f6chte. Diese Pflanzen werden einige Wochen bevor Lieferung verh\u00e4rtet, damit die Pflanzen keinen Pflanzschock bekommen.<\/span><\/p>\n<p><span style=\"font-family: helvetica, arial, sans-serif; font-size: 12pt;\"><strong>Gro\u00dfe Vorteile der Anzucht von Pflanzen mit Topfballen sind:<\/strong><\/span><br \/>\n<span style=\"font-family: helvetica, arial, sans-serif; font-size: 12pt;\">1. Viel mehr Pflanzen pro Kilogramm Saatgut (dies sorgt f\u00fcr einen niedrigen Saatgutpreis pro Pflanze, was vornehmlich f\u00fcr kostbare Herkunften und teueren Parteien Saatgut extra interessant ist).<br \/>\n<\/span><span style=\"font-family: helvetica, arial, sans-serif; font-size: 12pt;\">2. Eine verk\u00fcrzte Anzuchtperiode (vielen Gew\u00e4chsen gehen von 3 nach 2 Jahre); <\/span><br \/>\n<span style=\"font-family: helvetica, arial, sans-serif; font-size: 12pt;\">3. Einfach zu verarbeiten.<br \/>\n4. Der Ausfall ist minimal und das Wachstum ist gleichm\u00e4\u00dfiger;<\/span><br \/>\n<span style=\"font-family: helvetica, arial, sans-serif; font-size: 12pt;\">5. Es bietet bessere M\u00f6glichkeiten in Bezug auf Automatisierung;<\/span><br \/>\n<span style=\"font-family: helvetica, arial, sans-serif; font-size: 12pt;\">6. Pflanzen mit Topfballen kann man das ganze Jahr \u00fcber verarbeiten, dies sorgt f\u00fcr einen g\u00fcnstigen und kontinuierlichen Arbeitsablauf.<\/span><\/p>\n<p style=\"text-align: justify;\"><span style=\"font-family: helvetica, arial, sans-serif; font-size: 12pt;\">\r\n\t\t\t\t\t\n\r\n\t\t\t\t\t<!-- START UNITE GALLERY 1.7.62 -->\r\n\t\t\t\t\t\r\n\t\t\t\t\n\t\t\t<div id='unitegallery_7_3' class='unite-gallery'>\n\t\t\t\t\n\n\t\t\t\t\t\t<img decoding=\"async\" alt=\"P204\"\n\t\t\t\t\t\t     src=\"\" data-image=\"https:\/\/www.douglasboomkwekerij.nl\/wp-content\/uploads\/2014\/12\/IMG_3140-768x576.jpg\"\n\t\t\t\t\t\t     data-thumb=\"https:\/\/www.douglasboomkwekerij.nl\/wp-content\/uploads\/2014\/12\/IMG_3140-300x225.jpg\"\n\t\t\t\t\t\t     title=\"P204\"\n\t\t\t\t\t\t     style=\"display:none\">\n\n\t\t\t\t\t\t<img decoding=\"async\" alt=\"P126\"\n\t\t\t\t\t\t     src=\"\" data-image=\"https:\/\/www.douglasboomkwekerij.nl\/wp-content\/uploads\/2015\/11\/P126-768x576.jpg\"\n\t\t\t\t\t\t     data-thumb=\"https:\/\/www.douglasboomkwekerij.nl\/wp-content\/uploads\/2015\/11\/P126-300x225.jpg\"\n\t\t\t\t\t\t     title=\"\"\n\t\t\t\t\t\t     style=\"display:none\">\n\n\t\t\t\t\t\t<img decoding=\"async\" alt=\"P40\"\n\t\t\t\t\t\t     src=\"\" data-image=\"https:\/\/www.douglasboomkwekerij.nl\/wp-content\/uploads\/2015\/11\/P40-768x576.jpg\"\n\t\t\t\t\t\t     data-thumb=\"https:\/\/www.douglasboomkwekerij.nl\/wp-content\/uploads\/2015\/11\/P40-300x225.jpg\"\n\t\t\t\t\t\t     title=\"\"\n\t\t\t\t\t\t     style=\"display:none\">\n\t\t\t<\/div>\n\n\n\t\t\t<!-- END UNITEGALLERY --><\/span><\/p>\n<p style=\"text-align: justify;\"><span style=\"font-family: helvetica, arial, sans-serif; font-size: 12pt;\"><strong> Wir z\u00fcchten Pflanzen mit Topfballen in verschiedenen Gr\u00f6\u00dfen:<\/strong><\/span><br \/>\n<span style=\"font-family: helvetica, arial, sans-serif; font-size: 12pt;\"> <strong>\u25ba&nbsp;<\/strong><strong>P204 <\/strong>(Plug ist 7 cm lang und hat einen Durchmesser von 2,5 cm): dieser Plug wird \u00fcberwiegend benutzt um in gr\u00f6\u00dferen Topfballen und&nbsp;kleineren T\u00f6pfe um zu setzen oder um in Beete im vollen Grund zu pflanzen.<\/span><br \/>\n<span style=\"font-family: helvetica, arial, sans-serif; font-size: 12pt;\"> <strong>\u25ba&nbsp;<\/strong><strong>P126<\/strong> (Plug ist 7 cm lang und hat einen Durchmesser von 3,5 cm): dieser Plug wird benutzt zum Auspflanzen, in T\u00f6pfe zu pflanzen oder direkt im Forst zu pflanzen .<\/span><br \/>\n<span style=\"font-family: helvetica, arial, sans-serif; font-size: 12pt;\"> <strong>\u25ba&nbsp;<\/strong><strong>P40<\/strong> (Plug ist 9 cm lang und hat oben einen Durchmesser von 6,5 cm und unten einen Durchmesser von 4,5 cm): einigen Sorten werden direkt in P40-Trays ges\u00e4t, aber bei den meisten Gew\u00e4chsen wird eine P204 in eine P40 umgesetzt. Das Plugma\u03b2 P40 wird immer \u00f6fter benutzt f\u00fcr schweres Pflanzengut, zur Veredelung (statt P9) oder um direkt in Forst zu pflanzen.<\/span><\/p>\n<\/div><\/div><\/div><\/div><\/div>","protected":false},"excerpt":{"rendered":"<p>Anzucht von Pflanzen mit Topfballen Bei der Anzucht von Pflanzen mit Topfballen werden Samen automatisiert ausges\u00e4t in Trays. Die einges\u00e4ten Trays werden danach in die Folientunneln oder in ein Glasgew\u00e4chshaus gesetzt, wonach die Samen keimen und das erste schnelle Wachstum machen. Wenn die Pflanzen eine ausreichende L\u00e4nge haben, wird die Folie von den Tunneln entfernt, [&hellip;]<\/p>\n","protected":false},"author":3,"featured_media":0,"parent":0,"menu_order":3,"comment_status":"closed","ping_status":"closed","template":"","meta":{"ngg_post_thumbnail":0,"footnotes":""},"class_list":["post-3259","page","type-page","status-publish","hentry"],"_links":{"self":[{"href":"https:\/\/www.douglasboomkwekerij.nl\/de\/wp-json\/wp\/v2\/pages\/3259","targetHints":{"allow":["GET"]}}],"collection":[{"href":"https:\/\/www.douglasboomkwekerij.nl\/de\/wp-json\/wp\/v2\/pages"}],"about":[{"href":"https:\/\/www.douglasboomkwekerij.nl\/de\/wp-json\/wp\/v2\/types\/page"}],"author":[{"embeddable":true,"href":"https:\/\/www.douglasboomkwekerij.nl\/de\/wp-json\/wp\/v2\/users\/3"}],"replies":[{"embeddable":true,"href":"https:\/\/www.douglasboomkwekerij.nl\/de\/wp-json\/wp\/v2\/comments?post=3259"}],"version-history":[{"count":10,"href":"https:\/\/www.douglasboomkwekerij.nl\/de\/wp-json\/wp\/v2\/pages\/3259\/revisions"}],"predecessor-version":[{"id":4602,"href":"https:\/\/www.douglasboomkwekerij.nl\/de\/wp-json\/wp\/v2\/pages\/3259\/revisions\/4602"}],"wp:attachment":[{"href":"https:\/\/www.douglasboomkwekerij.nl\/de\/wp-json\/wp\/v2\/media?parent=3259"}],"curies":[{"name":"wp","href":"https:\/\/api.w.org\/{rel}","templated":true}]}}